{"id":390,"date":"2024-06-25T16:01:48","date_gmt":"2024-06-25T21:01:48","guid":{"rendered":"https:\/\/buenaventura.com.pa\/?page_id=390"},"modified":"2024-09-19T18:35:59","modified_gmt":"2024-09-19T23:35:59","slug":"location","status":"publish","type":"page","link":"https:\/\/buenaventura.com.pa\/es\/destination\/location\/","title":{"rendered":"Location"},"content":{"rendered":"","protected":false},"excerpt":{"rendered":"","protected":false},"author":1,"featured_media":0,"parent":298,"menu_order":4,"comment_status":"closed","ping_status":"closed","template":"","meta":{"_acf_changed":false,"inline_featured_image":false,"footnotes":""},"class_list":["post-390","page","type-page","status-publish","hentry"],"acf":[],"yoast_head":"<!-- This site is optimized with the Yoast SEO plugin v25.5 - https:\/\/yoast.com\/wordpress\/plugins\/seo\/ -->\n<title>Riviera Pacifica, Cocle, Panama | Buenaventura<\/title>\n<meta name=\"description\" content=\"Viva en el coraz\u00f3n de la Riviera Pac\u00edfica en la provincia de Cocl\u00e9 de Panam\u00e1, famosa por sus impresionantes playas y su vibrante cultura local.\" \/>\n<meta name=\"robots\" content=\"index, follow, max-snippet:-1, max-image-preview:large, max-video-preview:-1\" \/>\n<link rel=\"canonical\" href=\"https:\/\/buenaventura.com.pa\/es\/destination\/location\/\" \/>\n<meta property=\"og:locale\" content=\"es_ES\" \/>\n<meta property=\"og:locale:alternate\" content=\"en_US\" \/>\n<meta property=\"og:type\" content=\"article\" \/>\n<meta property=\"og:title\" content=\"Riviera Pacifica, Cocle, Panama | Buenaventura\" \/>\n<meta property=\"og:description\" content=\"Live in the heart of the Riviera Pacifica in the Cocle province of Panama, renowned for its breathtaking beaches and lively local culture.\" \/>\n<meta property=\"og:url\" content=\"https:\/\/buenaventura.com.pa\/es\/destination\/location\/\" \/>\n<meta property=\"og:site_name\" content=\"Buenaventura Golf &amp; Beach Resort Panama\" \/>\n<meta property=\"article:modified_time\" content=\"2024-09-19T23:35:59+00:00\" \/>\n<meta property=\"og:image\" content=\"https:\/\/buenaventura.com.pa\/wp-content\/uploads\/2024\/09\/buenaventura-preview-image.jpg\" \/>\n\t<meta property=\"og:image:width\" content=\"1200\" \/>\n\t<meta property=\"og:image:height\" content=\"675\" \/>\n\t<meta property=\"og:image:type\" content=\"image\/jpeg\" \/>\n<meta name=\"twitter:card\" content=\"summary_large_image\" \/>\n<!-- \/ Yoast SEO plugin. -->","yoast_head_json":{"title":"Riviera Pacifica, Cocle, Panama | Buenaventura","description":"Viva en el coraz\u00f3n de la Riviera Pac\u00edfica en la provincia de Cocl\u00e9 de Panam\u00e1, famosa por sus impresionantes playas y su vibrante cultura local.","robots":{"index":"index","follow":"follow","max-snippet":"max-snippet:-1","max-image-preview":"max-image-preview:large","max-video-preview":"max-video-preview:-1"},"canonical":"https:\/\/buenaventura.com.pa\/es\/destination\/location\/","og_locale":"es_ES","og_type":"article","og_title":"Riviera Pacifica, Cocle, Panama | Buenaventura","og_description":"Live in the heart of the Riviera Pacifica in the Cocle province of Panama, renowned for its breathtaking beaches and lively local culture.","og_url":"https:\/\/buenaventura.com.pa\/es\/destination\/location\/","og_site_name":"Buenaventura Golf & Beach Resort Panama","article_modified_time":"2024-09-19T23:35:59+00:00","og_image":[{"width":1200,"height":675,"url":"https:\/\/buenaventura.com.pa\/wp-content\/uploads\/2024\/09\/buenaventura-preview-image.jpg","type":"image\/jpeg"}],"twitter_card":"summary_large_image","schema":{"@context":"https:\/\/schema.org","@graph":[{"@type":"WebPage","@id":"https:\/\/buenaventura.com.pa\/destination\/location\/","url":"https:\/\/buenaventura.com.pa\/destination\/location\/","name":"Riviera Pacifica, Cocle, Panama | Buenaventura","isPartOf":{"@id":"https:\/\/buenaventura.com.pa\/#website"},"datePublished":"2024-06-25T21:01:48+00:00","dateModified":"2024-09-19T23:35:59+00:00","description":"Live in the heart of the Riviera Pacifica in the Cocle province of Panama, renowned for its breathtaking beaches and lively local culture.","breadcrumb":{"@id":"https:\/\/buenaventura.com.pa\/destination\/location\/#breadcrumb"},"inLanguage":"es-ES","potentialAction":[{"@type":"ReadAction","target":["https:\/\/buenaventura.com.pa\/destination\/location\/"]}]},{"@type":"BreadcrumbList","@id":"https:\/\/buenaventura.com.pa\/destination\/location\/#breadcrumb","itemListElement":[{"@type":"ListItem","position":1,"name":"Home","item":"https:\/\/buenaventura.com.pa\/es\/"},{"@type":"ListItem","position":2,"name":"Destination","item":"https:\/\/buenaventura.com.pa\/destination\/"},{"@type":"ListItem","position":3,"name":"Location"}]},{"@type":"WebSite","@id":"https:\/\/buenaventura.com.pa\/#website","url":"https:\/\/buenaventura.com.pa\/","name":"Buenaventura Golf & Beach Resort Panama","description":"Descubre Buenaventura, Panam\u00e1: una exclusiva comunidad de playa y golf con lujosas casas frente al mar y apartamentos frente al lago. Bienvenido a tu nueva vida.","publisher":{"@id":"https:\/\/buenaventura.com.pa\/#organization"},"potentialAction":[{"@type":"SearchAction","target":{"@type":"EntryPoint","urlTemplate":"https:\/\/buenaventura.com.pa\/?s={search_term_string}"},"query-input":{"@type":"PropertyValueSpecification","valueRequired":true,"valueName":"search_term_string"}}],"inLanguage":"es-ES"},{"@type":"Organization","@id":"https:\/\/buenaventura.com.pa\/#organization","name":"Buenaventura Panama","alternateName":"Buenaventura","url":"https:\/\/buenaventura.com.pa\/","logo":{"@type":"ImageObject","inLanguage":"es-ES","@id":"https:\/\/buenaventura.com.pa\/#\/schema\/logo\/image\/","url":"https:\/\/buenaventura.com.pa\/wp-content\/uploads\/2024\/07\/BV_logo_LATERAL_WEB-negro.svg","contentUrl":"https:\/\/buenaventura.com.pa\/wp-content\/uploads\/2024\/07\/BV_logo_LATERAL_WEB-negro.svg","caption":"Buenaventura Panama"},"image":{"@id":"https:\/\/buenaventura.com.pa\/#\/schema\/logo\/image\/"}}]}},"_links":{"self":[{"href":"https:\/\/buenaventura.com.pa\/es\/wp-json\/wp\/v2\/pages\/390","targetHints":{"allow":["GET"]}}],"collection":[{"href":"https:\/\/buenaventura.com.pa\/es\/wp-json\/wp\/v2\/pages"}],"about":[{"href":"https:\/\/buenaventura.com.pa\/es\/wp-json\/wp\/v2\/types\/page"}],"author":[{"embeddable":true,"href":"https:\/\/buenaventura.com.pa\/es\/wp-json\/wp\/v2\/users\/1"}],"replies":[{"embeddable":true,"href":"https:\/\/buenaventura.com.pa\/es\/wp-json\/wp\/v2\/comments?post=390"}],"version-history":[{"count":0,"href":"https:\/\/buenaventura.com.pa\/es\/wp-json\/wp\/v2\/pages\/390\/revisions"}],"up":[{"embeddable":true,"href":"https:\/\/buenaventura.com.pa\/es\/wp-json\/wp\/v2\/pages\/298"}],"wp:attachment":[{"href":"https:\/\/buenaventura.com.pa\/es\/wp-json\/wp\/v2\/media?parent=390"}],"curies":[{"name":"wp","href":"https:\/\/api.w.org\/{rel}","templated":true}]}}