{"id":418,"date":"2024-06-25T20:38:34","date_gmt":"2024-06-26T01:38:34","guid":{"rendered":"https:\/\/buenaventura.com.pa\/?page_id=418"},"modified":"2025-08-25T09:09:51","modified_gmt":"2025-08-25T14:09:51","slug":"golf","status":"publish","type":"page","link":"https:\/\/buenaventura.com.pa\/es\/golf\/","title":{"rendered":"Golf"},"content":{"rendered":"","protected":false},"excerpt":{"rendered":"","protected":false},"author":1,"featured_media":0,"parent":0,"menu_order":11,"comment_status":"closed","ping_status":"closed","template":"","meta":{"_acf_changed":false,"inline_featured_image":false,"footnotes":""},"class_list":["post-418","page","type-page","status-publish","hentry"],"acf":[],"yoast_head":"<!-- This site is optimized with the Yoast SEO plugin v25.5 - https:\/\/yoast.com\/wordpress\/plugins\/seo\/ -->\n<title>Buenaventura Golf Club, Panama | Campo por Jack Nicklaus<\/title>\n<meta name=\"description\" content=\"\u00danete a nuestro prestigioso club de golf internacional en Panam\u00e1: campo de dise\u00f1o, instalaciones VIP y vistas impresionantes para los golfistas m\u00e1s exigentes.\" \/>\n<meta name=\"robots\" content=\"index, follow, max-snippet:-1, max-image-preview:large, max-video-preview:-1\" \/>\n<link rel=\"canonical\" href=\"https:\/\/buenaventura.com.pa\/es\/golf\/\" \/>\n<meta property=\"og:locale\" content=\"es_ES\" \/>\n<meta property=\"og:locale:alternate\" content=\"en_US\" \/>\n<meta property=\"og:type\" content=\"article\" \/>\n<meta property=\"og:title\" content=\"Buenaventura Golf Club, Panama | Campo por Jack Nicklaus\" \/>\n<meta property=\"og:description\" content=\"\u00danete a nuestro prestigioso club de golf internacional en Panam\u00e1: campo de dise\u00f1o, instalaciones VIP y vistas impresionantes para los golfistas m\u00e1s exigentes.\" \/>\n<meta property=\"og:url\" content=\"https:\/\/buenaventura.com.pa\/es\/golf\/\" \/>\n<meta property=\"og:site_name\" content=\"Buenaventura Golf &amp; Beach Resort Panama\" \/>\n<meta property=\"article:modified_time\" content=\"2025-08-25T14:09:51+00:00\" \/>\n<meta property=\"og:image\" content=\"https:\/\/buenaventura.com.pa\/wp-content\/uploads\/2024\/09\/buenaventura-preview-image.jpg\" \/>\n\t<meta property=\"og:image:width\" content=\"1200\" \/>\n\t<meta property=\"og:image:height\" content=\"675\" \/>\n\t<meta property=\"og:image:type\" content=\"image\/jpeg\" \/>\n<meta name=\"twitter:card\" content=\"summary_large_image\" \/>\n<!-- \/ Yoast SEO plugin. -->","yoast_head_json":{"title":"Buenaventura Golf Club, Panama | Campo por Jack Nicklaus","description":"\u00danete a nuestro prestigioso club de golf internacional en Panam\u00e1: campo de dise\u00f1o, instalaciones VIP y vistas impresionantes para los golfistas m\u00e1s exigentes.","robots":{"index":"index","follow":"follow","max-snippet":"max-snippet:-1","max-image-preview":"max-image-preview:large","max-video-preview":"max-video-preview:-1"},"canonical":"https:\/\/buenaventura.com.pa\/es\/golf\/","og_locale":"es_ES","og_type":"article","og_title":"[:en]Number 1 Golf Club | Buenaventura Beach Golf Resort Panama[:es]Buenaventura Golf Club, Panama | Campo por Jack Nicklaus[:]","og_description":"[:en]Top golf club designed by Jack Nicklaus in Panama, Central America. Discover one of the best golf course communities by visiting our website today.[:es]\u00danete a nuestro prestigioso club de golf internacional en Panam\u00e1: campo de dise\u00f1o, instalaciones VIP y vistas impresionantes para los golfistas m\u00e1s exigentes.[:]","og_url":"https:\/\/buenaventura.com.pa\/es\/golf\/","og_site_name":"Buenaventura Golf & Beach Resort Panama","article_modified_time":"2025-08-25T14:09:51+00:00","og_image":[{"width":1200,"height":675,"url":"https:\/\/buenaventura.com.pa\/wp-content\/uploads\/2024\/09\/buenaventura-preview-image.jpg","type":"image\/jpeg"}],"twitter_card":"summary_large_image","schema":{"@context":"https:\/\/schema.org","@graph":[{"@type":"WebPage","@id":"https:\/\/buenaventura.com.pa\/es\/golf\/","url":"https:\/\/buenaventura.com.pa\/es\/golf\/","name":"Buenaventura Golf Club, Panama | Campo por Jack Nicklaus","isPartOf":{"@id":"https:\/\/buenaventura.com.pa\/#website"},"datePublished":"2024-06-26T01:38:34+00:00","dateModified":"2025-08-25T14:09:51+00:00","description":"\u00danete a nuestro prestigioso club de golf internacional en Panam\u00e1: campo de dise\u00f1o, instalaciones VIP y vistas impresionantes para los golfistas m\u00e1s exigentes.","breadcrumb":{"@id":"https:\/\/buenaventura.com.pa\/es\/golf\/#breadcrumb"},"inLanguage":"es-ES","potentialAction":[{"@type":"ReadAction","target":["https:\/\/buenaventura.com.pa\/es\/golf\/"]}]},{"@type":"BreadcrumbList","@id":"https:\/\/buenaventura.com.pa\/es\/golf\/#breadcrumb","itemListElement":[{"@type":"ListItem","position":1,"name":"Home","item":"https:\/\/buenaventura.com.pa\/es\/"},{"@type":"ListItem","position":2,"name":"Golf"}]},{"@type":"WebSite","@id":"https:\/\/buenaventura.com.pa\/#website","url":"https:\/\/buenaventura.com.pa\/","name":"Buenaventura Golf & Beach Resort Panama","description":"Descubre Buenaventura, Panam\u00e1: una exclusiva comunidad de playa y golf con lujosas casas frente al mar y apartamentos frente al lago. Bienvenido a tu nueva vida.","publisher":{"@id":"https:\/\/buenaventura.com.pa\/#organization"},"potentialAction":[{"@type":"SearchAction","target":{"@type":"EntryPoint","urlTemplate":"https:\/\/buenaventura.com.pa\/?s={search_term_string}"},"query-input":{"@type":"PropertyValueSpecification","valueRequired":true,"valueName":"search_term_string"}}],"inLanguage":"es-ES"},{"@type":"Organization","@id":"https:\/\/buenaventura.com.pa\/#organization","name":"Buenaventura Panama","alternateName":"Buenaventura","url":"https:\/\/buenaventura.com.pa\/","logo":{"@type":"ImageObject","inLanguage":"es-ES","@id":"https:\/\/buenaventura.com.pa\/#\/schema\/logo\/image\/","url":"https:\/\/buenaventura.com.pa\/wp-content\/uploads\/2024\/07\/BV_logo_LATERAL_WEB-negro.svg","contentUrl":"https:\/\/buenaventura.com.pa\/wp-content\/uploads\/2024\/07\/BV_logo_LATERAL_WEB-negro.svg","caption":"Buenaventura Panama"},"image":{"@id":"https:\/\/buenaventura.com.pa\/#\/schema\/logo\/image\/"}}]}},"_links":{"self":[{"href":"https:\/\/buenaventura.com.pa\/es\/wp-json\/wp\/v2\/pages\/418","targetHints":{"allow":["GET"]}}],"collection":[{"href":"https:\/\/buenaventura.com.pa\/es\/wp-json\/wp\/v2\/pages"}],"about":[{"href":"https:\/\/buenaventura.com.pa\/es\/wp-json\/wp\/v2\/types\/page"}],"author":[{"embeddable":true,"href":"https:\/\/buenaventura.com.pa\/es\/wp-json\/wp\/v2\/users\/1"}],"replies":[{"embeddable":true,"href":"https:\/\/buenaventura.com.pa\/es\/wp-json\/wp\/v2\/comments?post=418"}],"version-history":[{"count":0,"href":"https:\/\/buenaventura.com.pa\/es\/wp-json\/wp\/v2\/pages\/418\/revisions"}],"wp:attachment":[{"href":"https:\/\/buenaventura.com.pa\/es\/wp-json\/wp\/v2\/media?parent=418"}],"curies":[{"name":"wp","href":"https:\/\/api.w.org\/{rel}","templated":true}]}}